{"id":7944,"date":"2022-05-11T13:18:47","date_gmt":"2022-05-11T18:18:47","guid":{"rendered":"https:\/\/meditrina.ca\/politique-de-retour\/"},"modified":"2024-12-27T08:52:06","modified_gmt":"2024-12-27T13:52:06","slug":"politique-de-retour","status":"publish","type":"page","link":"https:\/\/meditrina.ca\/en\/politique-de-retour\/","title":{"rendered":"Politique de retour"},"content":{"rendered":"\t\t<div data-elementor-type=\"wp-page\" data-elementor-id=\"7944\" class=\"elementor elementor-7944\">\n\t\t\t\t\t\t<div class=\"elementor-inner\">\n\t\t\t\t<div class=\"elementor-section-wrap\">\n\t\t\t\t\t\t\t\t\t<section class=\"elementor-section elementor-top-section elementor-element elementor-element-7156b255 elementor-section-stretched elementor-section-boxed elementor-section-height-default elementor-section-height-default\" data-id=\"7156b255\" data-element_type=\"section\" data-settings=\"{&quot;stretch_section&quot;:&quot;section-stretched&quot;}\">\n\t\t\t\t\t\t<div class=\"elementor-container elementor-column-gap-default\">\n\t\t\t\t\t\t\t<div class=\"elementor-row\">\n\t\t\t\t\t<div class=\"elementor-column elementor-col-100 elementor-top-column elementor-element elementor-element-7a53e592\" data-id=\"7a53e592\" data-element_type=\"column\">\n\t\t\t<div class=\"elementor-column-wrap elementor-element-populated\">\n\t\t\t\t\t\t\t<div class=\"elementor-widget-wrap\">\n\t\t\t\t\t\t<div class=\"elementor-element elementor-element-cee61aa elementor-widget elementor-widget-heading\" data-id=\"cee61aa\" data-element_type=\"widget\" data-widget_type=\"heading.default\">\n\t\t\t\t<div class=\"elementor-widget-container\">\n\t\t\t<style>\/*! elementor - v3.13.2 - 11-05-2023 *\/\n.elementor-heading-title{padding:0;margin:0;line-height:1}.elementor-widget-heading .elementor-heading-title[class*=elementor-size-]>a{color:inherit;font-size:inherit;line-height:inherit}.elementor-widget-heading .elementor-heading-title.elementor-size-small{font-size:15px}.elementor-widget-heading .elementor-heading-title.elementor-size-medium{font-size:19px}.elementor-widget-heading .elementor-heading-title.elementor-size-large{font-size:29px}.elementor-widget-heading .elementor-heading-title.elementor-size-xl{font-size:39px}.elementor-widget-heading .elementor-heading-title.elementor-size-xxl{font-size:59px}<\/style><h1 class=\"elementor-heading-title elementor-size-default\">Return Policy\u200b<\/h1>\t\t<\/div>\n\t\t\t\t<\/div>\n\t\t\t\t<div class=\"elementor-element elementor-element-4ec5324e elementor-widget elementor-widget-text-editor\" data-id=\"4ec5324e\" data-element_type=\"widget\" data-widget_type=\"text-editor.default\">\n\t\t\t\t<div class=\"elementor-widget-container\">\n\t\t\t<style>\/*! elementor - v3.13.2 - 11-05-2023 *\/\n.elementor-widget-text-editor.elementor-drop-cap-view-stacked .elementor-drop-cap{background-color:#69727d;color:#fff}.elementor-widget-text-editor.elementor-drop-cap-view-framed .elementor-drop-cap{color:#69727d;border:3px solid;background-color:transparent}.elementor-widget-text-editor:not(.elementor-drop-cap-view-default) .elementor-drop-cap{margin-top:8px}.elementor-widget-text-editor:not(.elementor-drop-cap-view-default) .elementor-drop-cap-letter{width:1em;height:1em}.elementor-widget-text-editor .elementor-drop-cap{float:left;text-align:center;line-height:1;font-size:50px}.elementor-widget-text-editor .elementor-drop-cap-letter{display:inline-block}<\/style>\t\t\t\t\t<div class=\"elementor-text-editor elementor-clearfix\">\n\t\t\t\t<p>Notre politique dure 30 jours. Si 30 jours se sont \u00e9coul\u00e9s depuis votre achat, nous ne pouvons malheureusement pas vous offrir un remboursement ou un \u00e9change.<\/p>\n<p>Pour pouvoir b\u00e9n\u00e9ficier d\u2019un retour, votre article doit \u00eatre inutilis\u00e9 et dans le m\u00eame \u00e9tat o\u00f9 vous l\u2019avez re\u00e7u. Il doit \u00eatre \u00e9galement dans l\u2019emballage d\u2019origine.<\/p>\n<p>* Certains produits de sant\u00e9 et de soins personnels<\/p>\n<p>Pour effectuer un retour, vous devez nous pr\u00e9senter un re\u00e7u ou une preuve d\u2019achat.<\/p>\n<p>Veuillez s\u2019il vous plait ne pas renvoyer votre achat chez le fabricant.<\/p>\n<p>Il y a certaines situations o\u00f9 seul un remboursement partiel est accord\u00e9: (le cas \u00e9ch\u00e9ant)<\/p>\n<p>* Tout article qui n\u2019est pas dans son \u00e9tat d\u2019origine, qui est endommag\u00e9 ou qui pr\u00e9sente certaines pi\u00e8ces manquantes pour des raisons qui ne sont pas dues \u00e0 une erreur de notre part.<\/p>\n<p>* Tout article qui est retourn\u00e9 plus de 30 jours apr\u00e8s la livraison.<\/p><h3 style=\"font-family: sans-serif; margin-top: 1.29068em;\">Annulation d\u2019une commande<\/h3><div>Un remboursement sera effectu\u00e9 en d\u00e9duisant les frais d\u2019op\u00e9ration de la plateforme Stripe ou PayPal.<br><br><\/div><p>Si votre commande a d\u00e9j\u00e0 \u00e9t\u00e9 exp\u00e9di\u00e9e, les frais de pr\u00e9paration et d\u2019envoi de commande seront d\u00e9duit du remboursement. Pour obtenir un remboursement voir la partie \u00ab Exp\u00e9dition \u00bb.<\/p>\n<h3>Remboursements (le cas \u00e9ch\u00e9ant)<\/h3>\n<p>Une fois que nous aurons re\u00e7u et inspect\u00e9 l\u2019article retourn\u00e9, nous vous enverrons un e-mail pour vous confirmer que nous l\u2019avons bien re\u00e7u. Nous vous informerons \u00e9galement de notre d\u00e9cision quant \u00e0 l\u2019approbation ou au rejet de votre demande de remboursement.<\/p>\n<p>Si votre demande est approuv\u00e9e, alors votre remboursement sera trait\u00e9, et un cr\u00e9dit sera automatiquement appliqu\u00e9 \u00e0 votre carte de cr\u00e9dit ou \u00e0 votre m\u00e9thode originale de paiement, dans un d\u00e9lai d\u2019un certain nombre de jours.<\/p>\n<h3>Remboursements en retard ou manquants (le cas \u00e9ch\u00e9ant)<\/h3>\n<p>Si vous n\u2019avez pas encore re\u00e7u votre remboursement, veuillez d\u2019abord consulter votre compte bancaire \u00e0 nouveau.<\/p>\n<p>Ensuite, contactez l\u2019entit\u00e9 \u00e9mettrice de votre carte de cr\u00e9dit, car il pourrait y avoir un d\u00e9lai avant que votre remboursement ne soit officiellement affich\u00e9.<\/p>\n<p>Ensuite, contactez votre banque. Il y a souvent un d\u00e9lai de traitement n\u00e9cessaire avant qu\u2019un remboursement ne soit affich\u00e9.<\/p>\n<p>Si apr\u00e8s avoir effectu\u00e9 toutes ces \u00e9tapes, vous n\u2019avez toujours pas re\u00e7u votre remboursement, veuillez s\u2019il vous plait nous contacter \u00e0 info@meditrina.ca.<\/p>\n<h3>Articles sold\u00e9s (le cas \u00e9ch\u00e9ant)<\/h3>\n<p>Seuls les articles \u00e0 prix courant peuvent \u00eatre rembours\u00e9s. Malheureusement, les articles sold\u00e9s ne sont pas remboursables.<\/p>\n<h3>\u00c9changes (le cas \u00e9ch\u00e9ant)<\/h3>\n<p>Nous rempla\u00e7ons un article seulement s\u2019il est d\u00e9fectueux ou endommag\u00e9. Si dans ce cas vous souhaitez l\u2019\u00e9changer contre le m\u00eame article, envoyez-nous un e-mail \u00e0 info@meditrina.ca et envoyez-nous votre article \u00e0:Montr\u00e9al, QC, Canada.<\/p>\n<h3>Cadeaux<\/h3>\n<p>Si l\u2019article retourn\u00e9 \u00e9tait identifi\u00e9 comme un cadeau lors de l\u2019achat et s\u2019il vous a \u00e9t\u00e9 envoy\u00e9 directement, vous recevrez un cr\u00e9dit-cadeau d\u2019une valeur \u00e9gale \u00e0 celle de votre retour. Une fois que nous aurons re\u00e7u l\u2019article retourn\u00e9, un ch\u00e8que-cadeau vous sera envoy\u00e9 par courrier.<\/p>\n<p>Si l\u2019article n\u2019a pas \u00e9t\u00e9 identifi\u00e9 comme un cadeau lors de l\u2019achat, ou si le donateur du cadeau a pr\u00e9f\u00e9r\u00e9 recevoir d\u2019abord l\u2019article pour vous l\u2019offrir plus tard, nous enverrons un remboursement au donateur du cadeau et il saura que vous avez retourn\u00e9 l\u2019article.<\/p>\n<h3>Exp\u00e9dition<\/h3>\n<p>Pour retourner un produit, vous devez l\u2019envoyer par la poste \u00e0: Montr\u00e9al, QC, Canada.<\/p>\n<p>Il vous incombera de payer vos propres frais d\u2019exp\u00e9dition pour retourner votre article. Les co\u00fbts d\u2019exp\u00e9dition ne sont pas remboursables. Si vous recevez un remboursement, les frais de retour seront d\u00e9duits de celui-ci.<\/p>\n<p>En fonction de l\u2019endroit o\u00f9 vous vivez, le d\u00e9lai n\u00e9cessaire pour recevoir votre produit \u00e9chang\u00e9 peut varier.<\/p>\n<p>Si vous exp\u00e9diez un article d\u2019une valeur sup\u00e9rieure \u00e0 $75, vous devriez envisager d\u2019utiliser un service de livraison qui vous permet de suivre l\u2019envoi ou de souscrire \u00e0 une assurance de livraison. Nous ne garantissons pas que nous recevrons l\u2019article que vous nous retournez.<\/p>\t\t\t\t\t<\/div>\n\t\t\t\t\t\t<\/div>\n\t\t\t\t<\/div>\n\t\t\t\t\t\t<\/div>\n\t\t\t\t\t<\/div>\n\t\t<\/div>\n\t\t\t\t\t\t\t\t<\/div>\n\t\t\t\t\t<\/div>\n\t\t<\/section>\n\t\t\t\t\t\t\t\t\t<\/div>\n\t\t\t<\/div>\n\t\t\t\t\t<\/div>\n\t\t","protected":false},"excerpt":{"rendered":"<p>Return Policy\u200b Notre politique dure 30 jours. Si 30 jours se sont \u00e9coul\u00e9s depuis votre achat, nous ne pouvons malheureusement pas vous offrir un remboursement ou un \u00e9change. Pour pouvoir b\u00e9n\u00e9ficier d\u2019un retour, votre article doit \u00eatre inutilis\u00e9 et dans le m\u00eame \u00e9tat o\u00f9 vous l\u2019avez re\u00e7u. Il doit \u00eatre \u00e9galement dans l\u2019emballage d\u2019origine. * [&hellip;]<\/p>\n","protected":false},"author":1,"featured_media":0,"parent":0,"menu_order":0,"comment_status":"closed","ping_status":"open","template":"","meta":{"spay_email":""},"yoast_head":"<!-- This site is optimized with the Yoast SEO plugin v21.3 - https:\/\/yoast.com\/wordpress\/plugins\/seo\/ -->\n<title>Politique de retour - Meditrina Pharma<\/title>\n<meta name=\"robots\" content=\"index, follow, max-snippet:-1, max-image-preview:large, max-video-preview:-1\" \/>\n<link rel=\"canonical\" href=\"https:\/\/meditrina.ca\/politique-de-retour\/\" \/>\n<meta property=\"og:locale\" content=\"en_US\" \/>\n<meta property=\"og:type\" content=\"article\" \/>\n<meta property=\"og:title\" content=\"Politique de retour - Meditrina Pharma\" \/>\n<meta property=\"og:description\" content=\"Return Policy\u200b Notre politique dure 30 jours. Si 30 jours se sont \u00e9coul\u00e9s depuis votre achat, nous ne pouvons malheureusement pas vous offrir un remboursement ou un \u00e9change. Pour pouvoir b\u00e9n\u00e9ficier d\u2019un retour, votre article doit \u00eatre inutilis\u00e9 et dans le m\u00eame \u00e9tat o\u00f9 vous l\u2019avez re\u00e7u. Il doit \u00eatre \u00e9galement dans l\u2019emballage d\u2019origine. * [&hellip;]\" \/>\n<meta property=\"og:url\" content=\"https:\/\/meditrina.ca\/politique-de-retour\/\" \/>\n<meta property=\"og:site_name\" content=\"Meditrina Pharma\" \/>\n<meta property=\"article:modified_time\" content=\"2024-12-27T13:52:06+00:00\" \/>\n<meta name=\"twitter:card\" content=\"summary_large_image\" \/>\n<meta name=\"twitter:label1\" content=\"Est. reading time\" \/>\n\t<meta name=\"twitter:data1\" content=\"4 minutes\" \/>\n<script type=\"application\/ld+json\" class=\"yoast-schema-graph\">{\"@context\":\"https:\/\/schema.org\",\"@graph\":[{\"@type\":\"WebPage\",\"@id\":\"https:\/\/meditrina.ca\/politique-de-retour\/\",\"url\":\"https:\/\/meditrina.ca\/politique-de-retour\/\",\"name\":\"Politique de retour - Meditrina Pharma\",\"isPartOf\":{\"@id\":\"https:\/\/meditrina.ca\/#website\"},\"datePublished\":\"2022-05-11T18:18:47+00:00\",\"dateModified\":\"2024-12-27T13:52:06+00:00\",\"breadcrumb\":{\"@id\":\"https:\/\/meditrina.ca\/politique-de-retour\/#breadcrumb\"},\"inLanguage\":\"en-CA\",\"potentialAction\":[{\"@type\":\"ReadAction\",\"target\":[\"https:\/\/meditrina.ca\/politique-de-retour\/\"]}]},{\"@type\":\"BreadcrumbList\",\"@id\":\"https:\/\/meditrina.ca\/politique-de-retour\/#breadcrumb\",\"itemListElement\":[{\"@type\":\"ListItem\",\"position\":1,\"name\":\"Accueil\",\"item\":\"https:\/\/meditrina.ca\/en\/\"},{\"@type\":\"ListItem\",\"position\":2,\"name\":\"Politique de retour\"}]},{\"@type\":\"WebSite\",\"@id\":\"https:\/\/meditrina.ca\/#website\",\"url\":\"https:\/\/meditrina.ca\/\",\"name\":\"Meditrina Pharma\",\"description\":\"Les suppl\u00e9ments alimentaires Meditrina.\",\"publisher\":{\"@id\":\"https:\/\/meditrina.ca\/#organization\"},\"potentialAction\":[{\"@type\":\"SearchAction\",\"target\":{\"@type\":\"EntryPoint\",\"urlTemplate\":\"https:\/\/meditrina.ca\/?s={search_term_string}\"},\"query-input\":\"required name=search_term_string\"}],\"inLanguage\":\"en-CA\"},{\"@type\":\"Organization\",\"@id\":\"https:\/\/meditrina.ca\/#organization\",\"name\":\"Meditrina Pharma\",\"url\":\"https:\/\/meditrina.ca\/\",\"logo\":{\"@type\":\"ImageObject\",\"inLanguage\":\"en-CA\",\"@id\":\"https:\/\/meditrina.ca\/#\/schema\/logo\/image\/\",\"url\":\"https:\/\/meditrina.ca\/wp-content\/uploads\/2020\/02\/logo-header.jpg\",\"contentUrl\":\"https:\/\/meditrina.ca\/wp-content\/uploads\/2020\/02\/logo-header.jpg\",\"width\":289,\"height\":66,\"caption\":\"Meditrina Pharma\"},\"image\":{\"@id\":\"https:\/\/meditrina.ca\/#\/schema\/logo\/image\/\"}}]}<\/script>\n<!-- \/ Yoast SEO plugin. -->","yoast_head_json":{"title":"Politique de retour - Meditrina Pharma","robots":{"index":"index","follow":"follow","max-snippet":"max-snippet:-1","max-image-preview":"max-image-preview:large","max-video-preview":"max-video-preview:-1"},"canonical":"https:\/\/meditrina.ca\/politique-de-retour\/","og_locale":"en_US","og_type":"article","og_title":"Politique de retour - Meditrina Pharma","og_description":"Return Policy\u200b Notre politique dure 30 jours. Si 30 jours se sont \u00e9coul\u00e9s depuis votre achat, nous ne pouvons malheureusement pas vous offrir un remboursement ou un \u00e9change. Pour pouvoir b\u00e9n\u00e9ficier d\u2019un retour, votre article doit \u00eatre inutilis\u00e9 et dans le m\u00eame \u00e9tat o\u00f9 vous l\u2019avez re\u00e7u. Il doit \u00eatre \u00e9galement dans l\u2019emballage d\u2019origine. * [&hellip;]","og_url":"https:\/\/meditrina.ca\/politique-de-retour\/","og_site_name":"Meditrina Pharma","article_modified_time":"2024-12-27T13:52:06+00:00","twitter_card":"summary_large_image","twitter_misc":{"Est. reading time":"4 minutes"},"schema":{"@context":"https:\/\/schema.org","@graph":[{"@type":"WebPage","@id":"https:\/\/meditrina.ca\/politique-de-retour\/","url":"https:\/\/meditrina.ca\/politique-de-retour\/","name":"Politique de retour - Meditrina Pharma","isPartOf":{"@id":"https:\/\/meditrina.ca\/#website"},"datePublished":"2022-05-11T18:18:47+00:00","dateModified":"2024-12-27T13:52:06+00:00","breadcrumb":{"@id":"https:\/\/meditrina.ca\/politique-de-retour\/#breadcrumb"},"inLanguage":"en-CA","potentialAction":[{"@type":"ReadAction","target":["https:\/\/meditrina.ca\/politique-de-retour\/"]}]},{"@type":"BreadcrumbList","@id":"https:\/\/meditrina.ca\/politique-de-retour\/#breadcrumb","itemListElement":[{"@type":"ListItem","position":1,"name":"Accueil","item":"https:\/\/meditrina.ca\/en\/"},{"@type":"ListItem","position":2,"name":"Politique de retour"}]},{"@type":"WebSite","@id":"https:\/\/meditrina.ca\/#website","url":"https:\/\/meditrina.ca\/","name":"Meditrina Pharma","description":"Les suppl\u00e9ments alimentaires Meditrina.","publisher":{"@id":"https:\/\/meditrina.ca\/#organization"},"potentialAction":[{"@type":"SearchAction","target":{"@type":"EntryPoint","urlTemplate":"https:\/\/meditrina.ca\/?s={search_term_string}"},"query-input":"required name=search_term_string"}],"inLanguage":"en-CA"},{"@type":"Organization","@id":"https:\/\/meditrina.ca\/#organization","name":"Meditrina Pharma","url":"https:\/\/meditrina.ca\/","logo":{"@type":"ImageObject","inLanguage":"en-CA","@id":"https:\/\/meditrina.ca\/#\/schema\/logo\/image\/","url":"https:\/\/meditrina.ca\/wp-content\/uploads\/2020\/02\/logo-header.jpg","contentUrl":"https:\/\/meditrina.ca\/wp-content\/uploads\/2020\/02\/logo-header.jpg","width":289,"height":66,"caption":"Meditrina Pharma"},"image":{"@id":"https:\/\/meditrina.ca\/#\/schema\/logo\/image\/"}}]}},"_links":{"self":[{"href":"https:\/\/meditrina.ca\/en\/wp-json\/wp\/v2\/pages\/7944"}],"collection":[{"href":"https:\/\/meditrina.ca\/en\/wp-json\/wp\/v2\/pages"}],"about":[{"href":"https:\/\/meditrina.ca\/en\/wp-json\/wp\/v2\/types\/page"}],"author":[{"embeddable":true,"href":"https:\/\/meditrina.ca\/en\/wp-json\/wp\/v2\/users\/1"}],"replies":[{"embeddable":true,"href":"https:\/\/meditrina.ca\/en\/wp-json\/wp\/v2\/comments?post=7944"}],"version-history":[{"count":8,"href":"https:\/\/meditrina.ca\/en\/wp-json\/wp\/v2\/pages\/7944\/revisions"}],"predecessor-version":[{"id":11028,"href":"https:\/\/meditrina.ca\/en\/wp-json\/wp\/v2\/pages\/7944\/revisions\/11028"}],"wp:attachment":[{"href":"https:\/\/meditrina.ca\/en\/wp-json\/wp\/v2\/media?parent=7944"}],"curies":[{"name":"wp","href":"https:\/\/api.w.org\/{rel}","templated":true}]}}